{"id":474,"date":"2019-01-15T14:45:18","date_gmt":"2019-01-15T14:45:18","guid":{"rendered":"https:\/\/vertigo.yourdevsite.ca\/cliniquedentairebellerive\/?page_id=474"},"modified":"2025-11-24T16:22:28","modified_gmt":"2025-11-24T21:22:28","slug":"contact-us","status":"publish","type":"page","link":"https:\/\/cliniquedentairebellerive.com\/en\/contact-us\/","title":{"rendered":"Contact Us"},"content":{"rendered":"<h2>Dental Clinic Bellerive<\/h2>\n<ul>\n<li>7965 Notre-Dame St. East,<br \/>\nMontreal, QC H1L 3K8<\/li>\n<li><a href=\"https:\/\/www.google.com\/maps\/dir\/\/CLINIQUE+DENTAIRE+BELLERIVE,+7965+NotreDame+St.+East,+Montreal,+QC+H1L+3K8\/@45.5888159,-73.5113452,17z\/data=!4m8!4m7!1m0!1m5!1m1!1s0x4cc91dac1b8ad2c9:0x509660f1716baf95!2m2!1d-73.5091565!2d45.5888159\" target=\"_blank\" rel=\"noopener noreferrer\">Direction<\/a><\/li>\n<li><a href=\"tel:+15143557635\">Tel: 514-355-7635<\/a><\/li>\n<li>E: info@cliniquedentairebellerive.com<\/li>\n<li>www.cliniquedentairebellerive.com<\/li>\n<\/ul>\n<p>&nbsp;<\/p>\n<p>We are available by phone or e-mail to assist you.<\/p>\n<h2>Opening Hours:<\/h2>\n<ul>\n<li><label>Monday<\/label>13<sup>00<\/sup> &#8211; 20<sup>00<\/sup><\/li>\n<li><label>Tuesday<\/label>8<sup>30<\/sup> &#8211; 17<sup>00<\/sup><\/li>\n<li><label>Wednesday<\/label>13<sup>00<\/sup> &#8211; 20<sup>00<\/sup><\/li>\n<li><label>Thursday<\/label>8<sup>30<\/sup> &#8211; 17<sup>00<\/sup><\/li>\n<li><label>Friday &#8211; Saturday &#8211; Sunday<\/label>Closed<\/li>\n<\/ul>\n<p>Contact form<\/p>\n<h2>TAKE AN APPOINTMENT<\/h2>\n<p>&nbsp;<\/p>\n<p>When you make an appointment online, our secretary will contact you the same day to confirm your appointment and availability. Thank you and see you soon!<\/p>\n<div class=\"wpforms-container wpforms-container-full\" id=\"wpforms-302\"><form id=\"wpforms-form-302\" class=\"wpforms-validate wpforms-form\" data-formid=\"302\" method=\"post\" enctype=\"multipart\/form-data\" action=\"\/en\/wp-json\/wp\/v2\/pages\/474\" data-token=\"fc1ec41c643223e7c02a1614ab64bf41\" data-token-time=\"1775289603\"><noscript class=\"wpforms-error-noscript\">Please enable JavaScript in your browser to complete this form.<\/noscript><div class=\"wpforms-field-container\"><div id=\"wpforms-302-field_2-container\" class=\"wpforms-field wpforms-field-name\" data-field-id=\"2\"><label class=\"wpforms-field-label wpforms-label-hide\" for=\"wpforms-302-field_2\">Noms <span class=\"wpforms-required-label\">*<\/span><\/label><div class=\"wpforms-field-row wpforms-field-large\"><div class=\"wpforms-field-row-block wpforms-first wpforms-one-half\"><input type=\"text\" id=\"wpforms-302-field_2\" class=\"wpforms-field-name-first wpforms-field-required\" name=\"wpforms[fields][2][first]\" placeholder=\"Pr\u00e9nom\" required><label for=\"wpforms-302-field_2\" class=\"wpforms-field-sublabel after wpforms-sublabel-hide\">First<\/label><\/div><div class=\"wpforms-field-row-block wpforms-one-half\"><input type=\"text\" id=\"wpforms-302-field_2-last\" class=\"wpforms-field-name-last wpforms-field-required\" name=\"wpforms[fields][2][last]\" placeholder=\"Nom\" required><label for=\"wpforms-302-field_2-last\" class=\"wpforms-field-sublabel after wpforms-sublabel-hide\">Last<\/label><\/div><\/div><\/div><div id=\"wpforms-302-field_3-container\" class=\"wpforms-field wpforms-field-number\" data-field-id=\"3\"><label class=\"wpforms-field-label wpforms-label-hide\" for=\"wpforms-302-field_3\">Numero de telephone<\/label><input type=\"number\" id=\"wpforms-302-field_3\" class=\"wpforms-field-large\" name=\"wpforms[fields][3]\" placeholder=\"Num\u00e9ro de t\u00e9l\u00e9phone\" step=\"any\" ><\/div><div id=\"wpforms-302-field_4-container\" class=\"wpforms-field wpforms-field-email\" data-field-id=\"4\"><label class=\"wpforms-field-label wpforms-label-hide\" for=\"wpforms-302-field_4\">Courriel <span class=\"wpforms-required-label\">*<\/span><\/label><input type=\"email\" id=\"wpforms-302-field_4\" class=\"wpforms-field-large wpforms-field-required\" name=\"wpforms[fields][4]\" placeholder=\"Adresse courriel\" spellcheck=\"false\" required><\/div><div id=\"wpforms-302-field_5-container\" class=\"wpforms-field wpforms-field-select wpforms-field-select-style-classic\" data-field-id=\"5\"><label class=\"wpforms-field-label wpforms-label-hide\" for=\"wpforms-302-field_5\">Sujet du rendez-vous <span class=\"wpforms-required-label\">*<\/span><\/label><select id=\"wpforms-302-field_5\" class=\"wpforms-field-large wpforms-field-required\" name=\"wpforms[fields][5]\" required=\"required\"><option value=\"\" class=\"placeholder\" disabled  selected='selected'>Sujet du rendez-vous<\/option><option value=\"Soins dentaires pr\u00e9ventifs\"  class=\"choice-1 depth-1\"  >Soins dentaires pr\u00e9ventifs<\/option><option value=\"Blanchiment des dents\"  class=\"choice-2 depth-1\"  >Blanchiment des dents<\/option><option value=\"Ponts fixes\"  class=\"choice-3 depth-1\"  >Ponts fixes<\/option><option value=\"Radiographie\"  class=\"choice-8 depth-1\"  >Radiographie<\/option><option value=\"Implants dentaires\"  class=\"choice-7 depth-1\"  >Implants dentaires<\/option><option value=\"Examen buccodentaire\"  class=\"choice-5 depth-1\"  >Examen buccodentaire<\/option><option value=\"Dentisterie g\u00e9n\u00e9rale et familiale\"  class=\"choice-4 depth-1\"  >Dentisterie g\u00e9n\u00e9rale et familiale<\/option><option value=\"Couronnes\"  class=\"choice-11 depth-1\"  >Couronnes<\/option><option value=\"Urgence sur rendez-vous\"  class=\"choice-10 depth-1\"  >Urgence sur rendez-vous<\/option><option value=\"Dentisterie p\u00e9diatrique\"  class=\"choice-9 depth-1\"  >Dentisterie p\u00e9diatrique<\/option><option value=\"Autres\"  class=\"choice-12 depth-1\"  >Autres<\/option><\/select><\/div><\/div><!-- .wpforms-field-container --><div class=\"wpforms-field wpforms-field-hp\"><label for=\"wpforms-302-field-hp\" class=\"wpforms-field-label\">Email<\/label><input type=\"text\" name=\"wpforms[hp]\" id=\"wpforms-302-field-hp\" class=\"wpforms-field-medium\"><\/div><div class=\"wpforms-submit-container\" ><input type=\"hidden\" name=\"wpforms[id]\" value=\"302\"><input type=\"hidden\" name=\"page_title\" value=\"\"><input type=\"hidden\" name=\"page_url\" value=\"https:\/\/cliniquedentairebellerive.com\/en\/wp-json\/wp\/v2\/pages\/474\"><input type=\"hidden\" name=\"url_referer\" value=\"\"><button type=\"submit\" name=\"wpforms[submit]\" id=\"wpforms-submit-302\" class=\"wpforms-submit\" data-alt-text=\"Sending...\" data-submit-text=\"Submit\" aria-live=\"assertive\" value=\"wpforms-submit\">Submit<\/button><\/div><\/form><\/div>  <!-- .wpforms-container -->\n<p>no-repeat;center top;;<\/p>\n<p>auto<\/p>\n<p>45.5888159<\/p>\n<p>-73.5113452<\/p>\n<p>13<\/p>\n<p>500<\/p>\n<p>ROADMAP<\/p>\n<p>bar<\/p>\n<h2 style=\"color: #fff;\">TAKE AN APPOINTMENT<\/h2>\n<p>&nbsp;<\/p>\n<p style=\"color: #fff;\">Your oral health is as important as your physical health. Don&#8217;t delay, <a style=\"color: rgb(51,51,51,51);\" title=\"Contact Us\" href=\"https:\/\/cliniquedentairebellerive.com\/en\/contact-us\/\">book your appointment<\/a> today!<\/p>\n<p>&nbsp;<\/p>\n<p>center<\/p>\n<p>no-repeat;left top;;<\/p>\n<p>auto<\/p>\n<p>10px 10px 10px 10px<\/p>\n","protected":false},"excerpt":{"rendered":"<p>Dental Clinic Bellerive 7965 Notre-Dame St. East, Montreal, QC H1L 3K8 Direction Tel: 514-355-7635 E: info@cliniquedentairebellerive.com www.cliniquedentairebellerive.com &nbsp; We are available by phone or e-mail to<span class=\"excerpt-hellip\"> [\u2026]<\/span><\/p>\n","protected":false},"author":10,"featured_media":0,"parent":0,"menu_order":0,"comment_status":"open","ping_status":"closed","template":"","meta":{"footnotes":""},"class_list":["post-474","page","type-page","status-publish","hentry"],"yoast_head":"<!-- This site is optimized with the Yoast SEO plugin v27.2 - https:\/\/yoast.com\/product\/yoast-seo-wordpress\/ -->\n<title>Contact Us - Centre Dentaire Bellerive<\/title>\n<meta name=\"robots\" content=\"index, follow, max-snippet:-1, max-image-preview:large, max-video-preview:-1\" \/>\n<link rel=\"canonical\" href=\"https:\/\/cliniquedentairebellerive.com\/en\/contact-us\/\" \/>\n<meta property=\"og:locale\" content=\"en_US\" \/>\n<meta property=\"og:type\" content=\"article\" \/>\n<meta property=\"og:title\" content=\"Contact Us - Centre Dentaire Bellerive\" \/>\n<meta property=\"og:description\" content=\"Dental Clinic Bellerive 7965 Notre-Dame St. East, Montreal, QC H1L 3K8 Direction Tel: 514-355-7635 E: info@cliniquedentairebellerive.com www.cliniquedentairebellerive.com &nbsp; We are available by phone or e-mail to [\u2026]\" \/>\n<meta property=\"og:url\" content=\"https:\/\/cliniquedentairebellerive.com\/en\/contact-us\/\" \/>\n<meta property=\"og:site_name\" content=\"Centre Dentaire Bellerive\" \/>\n<meta property=\"article:modified_time\" content=\"2025-11-24T21:22:28+00:00\" \/>\n<meta name=\"twitter:card\" content=\"summary_large_image\" \/>\n<meta name=\"twitter:label1\" content=\"Est. reading time\" \/>\n\t<meta name=\"twitter:data1\" content=\"1 minute\" \/>\n<script type=\"application\/ld+json\" class=\"yoast-schema-graph\">{\"@context\":\"https:\/\/schema.org\",\"@graph\":[{\"@type\":\"WebPage\",\"@id\":\"https:\/\/cliniquedentairebellerive.com\/en\/contact-us\/\",\"url\":\"https:\/\/cliniquedentairebellerive.com\/en\/contact-us\/\",\"name\":\"Contact Us - Centre Dentaire Bellerive\",\"isPartOf\":{\"@id\":\"https:\/\/cliniquedentairebellerive.com\/#website\"},\"datePublished\":\"2019-01-15T14:45:18+00:00\",\"dateModified\":\"2025-11-24T21:22:28+00:00\",\"breadcrumb\":{\"@id\":\"https:\/\/cliniquedentairebellerive.com\/en\/contact-us\/#breadcrumb\"},\"inLanguage\":\"en-US\",\"potentialAction\":[{\"@type\":\"ReadAction\",\"target\":[\"https:\/\/cliniquedentairebellerive.com\/en\/contact-us\/\"]}]},{\"@type\":\"BreadcrumbList\",\"@id\":\"https:\/\/cliniquedentairebellerive.com\/en\/contact-us\/#breadcrumb\",\"itemListElement\":[{\"@type\":\"ListItem\",\"position\":1,\"name\":\"Clinique Dentaire Bellerive\",\"item\":\"https:\/\/cliniquedentairebellerive.com\/en\/\"},{\"@type\":\"ListItem\",\"position\":2,\"name\":\"Contact Us\"}]},{\"@type\":\"WebSite\",\"@id\":\"https:\/\/cliniquedentairebellerive.com\/#website\",\"url\":\"https:\/\/cliniquedentairebellerive.com\/\",\"name\":\"Centre Dentaire Bellerive\",\"description\":\"\",\"potentialAction\":[{\"@type\":\"SearchAction\",\"target\":{\"@type\":\"EntryPoint\",\"urlTemplate\":\"https:\/\/cliniquedentairebellerive.com\/?s={search_term_string}\"},\"query-input\":{\"@type\":\"PropertyValueSpecification\",\"valueRequired\":true,\"valueName\":\"search_term_string\"}}],\"inLanguage\":\"en-US\"}]}<\/script>\n<!-- \/ Yoast SEO plugin. -->","yoast_head_json":{"title":"Contact Us - Centre Dentaire Bellerive","robots":{"index":"index","follow":"follow","max-snippet":"max-snippet:-1","max-image-preview":"max-image-preview:large","max-video-preview":"max-video-preview:-1"},"canonical":"https:\/\/cliniquedentairebellerive.com\/en\/contact-us\/","og_locale":"en_US","og_type":"article","og_title":"Contact Us - Centre Dentaire Bellerive","og_description":"Dental Clinic Bellerive 7965 Notre-Dame St. East, Montreal, QC H1L 3K8 Direction Tel: 514-355-7635 E: info@cliniquedentairebellerive.com www.cliniquedentairebellerive.com &nbsp; We are available by phone or e-mail to [\u2026]","og_url":"https:\/\/cliniquedentairebellerive.com\/en\/contact-us\/","og_site_name":"Centre Dentaire Bellerive","article_modified_time":"2025-11-24T21:22:28+00:00","twitter_card":"summary_large_image","twitter_misc":{"Est. reading time":"1 minute"},"schema":{"@context":"https:\/\/schema.org","@graph":[{"@type":"WebPage","@id":"https:\/\/cliniquedentairebellerive.com\/en\/contact-us\/","url":"https:\/\/cliniquedentairebellerive.com\/en\/contact-us\/","name":"Contact Us - Centre Dentaire Bellerive","isPartOf":{"@id":"https:\/\/cliniquedentairebellerive.com\/#website"},"datePublished":"2019-01-15T14:45:18+00:00","dateModified":"2025-11-24T21:22:28+00:00","breadcrumb":{"@id":"https:\/\/cliniquedentairebellerive.com\/en\/contact-us\/#breadcrumb"},"inLanguage":"en-US","potentialAction":[{"@type":"ReadAction","target":["https:\/\/cliniquedentairebellerive.com\/en\/contact-us\/"]}]},{"@type":"BreadcrumbList","@id":"https:\/\/cliniquedentairebellerive.com\/en\/contact-us\/#breadcrumb","itemListElement":[{"@type":"ListItem","position":1,"name":"Clinique Dentaire Bellerive","item":"https:\/\/cliniquedentairebellerive.com\/en\/"},{"@type":"ListItem","position":2,"name":"Contact Us"}]},{"@type":"WebSite","@id":"https:\/\/cliniquedentairebellerive.com\/#website","url":"https:\/\/cliniquedentairebellerive.com\/","name":"Centre Dentaire Bellerive","description":"","potentialAction":[{"@type":"SearchAction","target":{"@type":"EntryPoint","urlTemplate":"https:\/\/cliniquedentairebellerive.com\/?s={search_term_string}"},"query-input":{"@type":"PropertyValueSpecification","valueRequired":true,"valueName":"search_term_string"}}],"inLanguage":"en-US"}]}},"_links":{"self":[{"href":"https:\/\/cliniquedentairebellerive.com\/en\/wp-json\/wp\/v2\/pages\/474","targetHints":{"allow":["GET"]}}],"collection":[{"href":"https:\/\/cliniquedentairebellerive.com\/en\/wp-json\/wp\/v2\/pages"}],"about":[{"href":"https:\/\/cliniquedentairebellerive.com\/en\/wp-json\/wp\/v2\/types\/page"}],"author":[{"embeddable":true,"href":"https:\/\/cliniquedentairebellerive.com\/en\/wp-json\/wp\/v2\/users\/10"}],"replies":[{"embeddable":true,"href":"https:\/\/cliniquedentairebellerive.com\/en\/wp-json\/wp\/v2\/comments?post=474"}],"version-history":[{"count":3,"href":"https:\/\/cliniquedentairebellerive.com\/en\/wp-json\/wp\/v2\/pages\/474\/revisions"}],"predecessor-version":[{"id":3401,"href":"https:\/\/cliniquedentairebellerive.com\/en\/wp-json\/wp\/v2\/pages\/474\/revisions\/3401"}],"wp:attachment":[{"href":"https:\/\/cliniquedentairebellerive.com\/en\/wp-json\/wp\/v2\/media?parent=474"}],"curies":[{"name":"wp","href":"https:\/\/api.w.org\/{rel}","templated":true}]}}